{"id":4230,"date":"2020-08-19T16:14:00","date_gmt":"2020-08-19T16:14:00","guid":{"rendered":"https:\/\/cityxerpa.com\/descargate-cityxerpa\/"},"modified":"2020-08-19T16:14:01","modified_gmt":"2020-08-19T16:14:01","slug":"descargate-cityxerpa","status":"publish","type":"page","link":"https:\/\/cityxerpa.com\/es\/descargate-cityxerpa\/","title":{"rendered":"Desc\u00e1rgate CityXerpa!"},"content":{"rendered":"<div class=\"fusion-fullwidth fullwidth-box fusion-builder-row-1 nonhundred-percent-fullwidth non-hundred-percent-height-scrolling\" style=\"--awb-border-radius-top-left:0px;--awb-border-radius-top-right:0px;--awb-border-radius-bottom-right:0px;--awb-border-radius-bottom-left:0px;--awb-flex-wrap:wrap;\" ><div class=\"fusion-builder-row fusion-row\"><div class=\"fusion-layout-column fusion_builder_column fusion-builder-column-0 fusion_builder_column_1_2 1_2 fusion-one-half fusion-column-first\" style=\"--awb-bg-size:cover;width:50%;width:calc(50% - ( ( 4% ) * 0.5 ) );margin-right: 4%;\"><div class=\"fusion-column-wrapper fusion-column-has-shadow fusion-flex-column-wrapper-legacy\"><div class=\"fusion-title title fusion-title-1 fusion-sep-none fusion-title-text fusion-title-size-one\"><h1 class=\"fusion-title-heading title-heading-left fusion-responsive-typography-calculated\" style=\"margin:0;--fontSize:50;line-height:1.18;\">\n<p>\u00a1Accede desde tu m\u00f3vil!<\/h1><\/div><p><br><\/p><div class=\"fusion-sep-clear\"><\/div><div class=\"fusion-separator fusion-full-width-sep\" style=\"margin-left: auto;margin-right: auto;margin-top:16px;width:100%;\"><\/div><div class=\"fusion-sep-clear\"><\/div><div class=\"fusion-text fusion-text-1\"><p>CityXerpa&nbsp;s\u00f3lo est\u00e1 disponible para dispositivos iOS o Android, accede desde tu dispositivo m\u00f3vil para descargar la app.<\/p>\n<p>Si tienes problemas para encontrar o descargar CityXerpa, por favor consulta nuestras <a href=\"https:\/\/cityxerpa.com\/preguntes-frequents\/\" data-mce-href=\"https:\/\/cityxerpa.com\/preguntes-frequents\/\">preguntas frecuentes<\/a> o ponte en <a href=\"\/?page_id=4227\" data-mce-href=\"https:\/\/cityxerpa.com\/es\/contacto\/\">contacto con nosotros.<\/a><\/p>\n<\/div><div class=\"fusion-sep-clear\"><\/div><div class=\"fusion-separator fusion-full-width-sep\" style=\"margin-left: auto;margin-right: auto;margin-top:16px;width:100%;\"><\/div><div class=\"fusion-sep-clear\"><\/div><p><br><a id=\"appstore-download-footer\" href=\"https:\/\/itunes.apple.com\/es\/app\/cityxerpa\/id1175500027?mt=8\" data-mce-href=\"https:\/\/itunes.apple.com\/es\/app\/cityxerpa\/id1175500027?mt=8\"><img decoding=\"async\" class=\"download-cityxerpa\" src=\"\/wp-content\/uploads\/2020\/03\/app_store_ca.svg\" alt=\"Descarga CityXerpa en App Store\" data-mce-src=\"\/wp-content\/uploads\/2020\/03\/app_store_ca.svg\"><\/a><br><a id=\"googleplay-download-footer\" href=\"https:\/\/play.google.com\/store\/apps\/details?id=es.dae.cityxerpa&hl=es\" data-mce-href=\"https:\/\/play.google.com\/store\/apps\/details?id=es.dae.cityxerpa&hl=es\"><img decoding=\"async\" class=\"download-cityxerpa\" src=\"\/wp-content\/uploads\/2020\/03\/google_play_ca.svg\" alt=\"Descarga CityXerpa en Google Play\" data-mce-src=\"\/wp-content\/uploads\/2020\/03\/google_play_ca.svg\"><\/a><br><\/p><div class=\"fusion-clearfix\"><\/div><\/div><\/div><div class=\"fusion-layout-column fusion_builder_column fusion-builder-column-1 fusion_builder_column_1_2 1_2 fusion-one-half fusion-column-last fusion-no-small-visibility\" style=\"--awb-bg-size:cover;width:50%;width:calc(50% - ( ( 4% ) * 0.5 ) );\"><div class=\"fusion-column-wrapper fusion-column-has-shadow fusion-flex-column-wrapper-legacy\"><div class=\"fusion-image-element in-legacy-container\" style=\"--awb-max-width:500px;--awb-caption-title-font-family:var(--h2_typography-font-family);--awb-caption-title-font-weight:var(--h2_typography-font-weight);--awb-caption-title-font-style:var(--h2_typography-font-style);--awb-caption-title-size:var(--h2_typography-font-size);--awb-caption-title-transform:var(--h2_typography-text-transform);--awb-caption-title-line-height:var(--h2_typography-line-height);--awb-caption-title-letter-spacing:var(--h2_typography-letter-spacing);\"><span class=\" fusion-imageframe imageframe-none imageframe-1 hover-type-none\"><img decoding=\"async\" width=\"1200\" height=\"1120\" alt=\"\u00a1Descarga CityXerpa para iOS y Android!\" title=\"\u00a1Descarga CityXerpa para iOS y Android!\" src=\"https:\/\/cityxerpa.com\/wp-content\/uploads\/2020\/04\/download_ios_neutral-1200x1120.png\" class=\"img-responsive wp-image-3126\" srcset=\"https:\/\/cityxerpa.com\/wp-content\/uploads\/2020\/04\/download_ios_neutral-200x187.png 200w, https:\/\/cityxerpa.com\/wp-content\/uploads\/2020\/04\/download_ios_neutral-400x373.png 400w, https:\/\/cityxerpa.com\/wp-content\/uploads\/2020\/04\/download_ios_neutral-600x560.png 600w, https:\/\/cityxerpa.com\/wp-content\/uploads\/2020\/04\/download_ios_neutral-800x747.png 800w, https:\/\/cityxerpa.com\/wp-content\/uploads\/2020\/04\/download_ios_neutral-1200x1120.png 1200w\" sizes=\"(max-width: 800px) 100vw, 800px\" \/><\/span><\/div><div class=\"fusion-clearfix\"><\/div><\/div><\/div><\/div><\/div>\n","protected":false},"excerpt":{"rendered":"","protected":false},"author":1,"featured_media":0,"parent":0,"menu_order":0,"comment_status":"closed","ping_status":"closed","template":"","meta":{"inline_featured_image":false,"footnotes":""},"class_list":["post-4230","page","type-page","status-publish","hentry"],"yoast_head":"<!-- This site is optimized with the Yoast SEO plugin v26.9 - https:\/\/yoast.com\/product\/yoast-seo-wordpress\/ -->\n<title>Desc\u00e1rgate CityXerpa! - Disponible en iOS y Android CityXerpa<\/title>\n<meta name=\"description\" content=\"CityXerpa est\u00e1 disponible para dispositivos iOS y Android, accede desde tu dispositivo m\u00f3vil para descargar la app.\" \/>\n<meta name=\"robots\" content=\"index, follow, max-snippet:-1, max-image-preview:large, max-video-preview:-1\" \/>\n<link rel=\"canonical\" href=\"https:\/\/cityxerpa.com\/descarrega\/\" \/>\n<meta property=\"og:locale\" content=\"es_ES\" \/>\n<meta property=\"og:type\" content=\"article\" \/>\n<meta property=\"og:title\" content=\"Desc\u00e1rgate CityXerpa! - Disponible en iOS y Android CityXerpa\" \/>\n<meta property=\"og:description\" content=\"CityXerpa est\u00e1 disponible para dispositivos iOS y Android, accede desde tu dispositivo m\u00f3vil para descargar la app.\" \/>\n<meta property=\"og:url\" content=\"https:\/\/cityxerpa.com\/descarrega\/\" \/>\n<meta property=\"og:site_name\" content=\"CityXerpa\" \/>\n<meta property=\"article:publisher\" content=\"https:\/\/www.facebook.com\/CityXerpaAND\/\" \/>\n<meta property=\"article:modified_time\" content=\"2020-08-19T16:14:01+00:00\" \/>\n<meta property=\"og:image\" content=\"https:\/\/cityxerpa.com\/wp-content\/uploads\/2020\/04\/jobs_icon-3.png\" \/>\n\t<meta property=\"og:image:width\" content=\"564\" \/>\n\t<meta property=\"og:image:height\" content=\"564\" \/>\n\t<meta property=\"og:image:type\" content=\"image\/png\" \/>\n<meta name=\"twitter:card\" content=\"summary_large_image\" \/>\n<meta name=\"twitter:site\" content=\"@cityxerpa\" \/>\n<meta name=\"twitter:label1\" content=\"Tiempo de lectura\" \/>\n\t<meta name=\"twitter:data1\" content=\"6 minutos\" \/>\n<script type=\"application\/ld+json\" class=\"yoast-schema-graph\">{\"@context\":\"https:\/\/schema.org\",\"@graph\":[{\"@type\":\"WebPage\",\"@id\":\"https:\/\/cityxerpa.com\/descarrega\/\",\"url\":\"https:\/\/cityxerpa.com\/descarrega\/\",\"name\":\"Desc\u00e1rgate CityXerpa! - Disponible en iOS y Android CityXerpa\",\"isPartOf\":{\"@id\":\"https:\/\/cityxerpa.com\/es\/#website\"},\"datePublished\":\"2020-08-19T16:14:00+00:00\",\"dateModified\":\"2020-08-19T16:14:01+00:00\",\"description\":\"CityXerpa est\u00e1 disponible para dispositivos iOS y Android, accede desde tu dispositivo m\u00f3vil para descargar la app.\",\"breadcrumb\":{\"@id\":\"https:\/\/cityxerpa.com\/descarrega\/#breadcrumb\"},\"inLanguage\":\"es\",\"potentialAction\":[{\"@type\":\"ReadAction\",\"target\":[\"https:\/\/cityxerpa.com\/descarrega\/\"]}]},{\"@type\":\"BreadcrumbList\",\"@id\":\"https:\/\/cityxerpa.com\/descarrega\/#breadcrumb\",\"itemListElement\":[{\"@type\":\"ListItem\",\"position\":1,\"name\":\"Inici\",\"item\":\"https:\/\/cityxerpa.com\/es\/\"},{\"@type\":\"ListItem\",\"position\":2,\"name\":\"Desc\u00e1rgate CityXerpa!\"}]},{\"@type\":\"WebSite\",\"@id\":\"https:\/\/cityxerpa.com\/es\/#website\",\"url\":\"https:\/\/cityxerpa.com\/es\/\",\"name\":\"CityXerpa\",\"description\":\"El teu heroi a domicili\",\"publisher\":{\"@id\":\"https:\/\/cityxerpa.com\/es\/#organization\"},\"potentialAction\":[{\"@type\":\"SearchAction\",\"target\":{\"@type\":\"EntryPoint\",\"urlTemplate\":\"https:\/\/cityxerpa.com\/es\/?s={search_term_string}\"},\"query-input\":{\"@type\":\"PropertyValueSpecification\",\"valueRequired\":true,\"valueName\":\"search_term_string\"}}],\"inLanguage\":\"es\"},{\"@type\":\"Organization\",\"@id\":\"https:\/\/cityxerpa.com\/es\/#organization\",\"name\":\"CityXerpa\",\"url\":\"https:\/\/cityxerpa.com\/es\/\",\"logo\":{\"@type\":\"ImageObject\",\"inLanguage\":\"es\",\"@id\":\"https:\/\/cityxerpa.com\/es\/#\/schema\/logo\/image\/\",\"url\":\"https:\/\/cityxerpa.com\/wp-content\/uploads\/2020\/04\/jobs_icon-3.png\",\"contentUrl\":\"https:\/\/cityxerpa.com\/wp-content\/uploads\/2020\/04\/jobs_icon-3.png\",\"width\":564,\"height\":564,\"caption\":\"CityXerpa\"},\"image\":{\"@id\":\"https:\/\/cityxerpa.com\/es\/#\/schema\/logo\/image\/\"},\"sameAs\":[\"https:\/\/www.facebook.com\/CityXerpaAND\/\",\"https:\/\/x.com\/cityxerpa\",\"https:\/\/www.instagram.com\/cityxerpa.and\/\",\"https:\/\/www.linkedin.com\/company\/cityxerpa\",\"https:\/\/www.youtube.com\/channel\/UCmWeh89EWYH5b5O2bDqb_mw\"]}]}<\/script>\n<!-- \/ Yoast SEO plugin. -->","yoast_head_json":{"title":"Desc\u00e1rgate CityXerpa! - Disponible en iOS y Android CityXerpa","description":"CityXerpa est\u00e1 disponible para dispositivos iOS y Android, accede desde tu dispositivo m\u00f3vil para descargar la app.","robots":{"index":"index","follow":"follow","max-snippet":"max-snippet:-1","max-image-preview":"max-image-preview:large","max-video-preview":"max-video-preview:-1"},"canonical":"https:\/\/cityxerpa.com\/descarrega\/","og_locale":"es_ES","og_type":"article","og_title":"Desc\u00e1rgate CityXerpa! - Disponible en iOS y Android CityXerpa","og_description":"CityXerpa est\u00e1 disponible para dispositivos iOS y Android, accede desde tu dispositivo m\u00f3vil para descargar la app.","og_url":"https:\/\/cityxerpa.com\/descarrega\/","og_site_name":"CityXerpa","article_publisher":"https:\/\/www.facebook.com\/CityXerpaAND\/","article_modified_time":"2020-08-19T16:14:01+00:00","og_image":[{"width":564,"height":564,"url":"https:\/\/cityxerpa.com\/wp-content\/uploads\/2020\/04\/jobs_icon-3.png","type":"image\/png"}],"twitter_card":"summary_large_image","twitter_site":"@cityxerpa","twitter_misc":{"Tiempo de lectura":"6 minutos"},"schema":{"@context":"https:\/\/schema.org","@graph":[{"@type":"WebPage","@id":"https:\/\/cityxerpa.com\/descarrega\/","url":"https:\/\/cityxerpa.com\/descarrega\/","name":"Desc\u00e1rgate CityXerpa! - Disponible en iOS y Android CityXerpa","isPartOf":{"@id":"https:\/\/cityxerpa.com\/es\/#website"},"datePublished":"2020-08-19T16:14:00+00:00","dateModified":"2020-08-19T16:14:01+00:00","description":"CityXerpa est\u00e1 disponible para dispositivos iOS y Android, accede desde tu dispositivo m\u00f3vil para descargar la app.","breadcrumb":{"@id":"https:\/\/cityxerpa.com\/descarrega\/#breadcrumb"},"inLanguage":"es","potentialAction":[{"@type":"ReadAction","target":["https:\/\/cityxerpa.com\/descarrega\/"]}]},{"@type":"BreadcrumbList","@id":"https:\/\/cityxerpa.com\/descarrega\/#breadcrumb","itemListElement":[{"@type":"ListItem","position":1,"name":"Inici","item":"https:\/\/cityxerpa.com\/es\/"},{"@type":"ListItem","position":2,"name":"Desc\u00e1rgate CityXerpa!"}]},{"@type":"WebSite","@id":"https:\/\/cityxerpa.com\/es\/#website","url":"https:\/\/cityxerpa.com\/es\/","name":"CityXerpa","description":"El teu heroi a domicili","publisher":{"@id":"https:\/\/cityxerpa.com\/es\/#organization"},"potentialAction":[{"@type":"SearchAction","target":{"@type":"EntryPoint","urlTemplate":"https:\/\/cityxerpa.com\/es\/?s={search_term_string}"},"query-input":{"@type":"PropertyValueSpecification","valueRequired":true,"valueName":"search_term_string"}}],"inLanguage":"es"},{"@type":"Organization","@id":"https:\/\/cityxerpa.com\/es\/#organization","name":"CityXerpa","url":"https:\/\/cityxerpa.com\/es\/","logo":{"@type":"ImageObject","inLanguage":"es","@id":"https:\/\/cityxerpa.com\/es\/#\/schema\/logo\/image\/","url":"https:\/\/cityxerpa.com\/wp-content\/uploads\/2020\/04\/jobs_icon-3.png","contentUrl":"https:\/\/cityxerpa.com\/wp-content\/uploads\/2020\/04\/jobs_icon-3.png","width":564,"height":564,"caption":"CityXerpa"},"image":{"@id":"https:\/\/cityxerpa.com\/es\/#\/schema\/logo\/image\/"},"sameAs":["https:\/\/www.facebook.com\/CityXerpaAND\/","https:\/\/x.com\/cityxerpa","https:\/\/www.instagram.com\/cityxerpa.and\/","https:\/\/www.linkedin.com\/company\/cityxerpa","https:\/\/www.youtube.com\/channel\/UCmWeh89EWYH5b5O2bDqb_mw"]}]}},"_links":{"self":[{"href":"https:\/\/cityxerpa.com\/es\/wp-json\/wp\/v2\/pages\/4230","targetHints":{"allow":["GET"]}}],"collection":[{"href":"https:\/\/cityxerpa.com\/es\/wp-json\/wp\/v2\/pages"}],"about":[{"href":"https:\/\/cityxerpa.com\/es\/wp-json\/wp\/v2\/types\/page"}],"author":[{"embeddable":true,"href":"https:\/\/cityxerpa.com\/es\/wp-json\/wp\/v2\/users\/1"}],"replies":[{"embeddable":true,"href":"https:\/\/cityxerpa.com\/es\/wp-json\/wp\/v2\/comments?post=4230"}],"version-history":[{"count":3,"href":"https:\/\/cityxerpa.com\/es\/wp-json\/wp\/v2\/pages\/4230\/revisions"}],"predecessor-version":[{"id":4233,"href":"https:\/\/cityxerpa.com\/es\/wp-json\/wp\/v2\/pages\/4230\/revisions\/4233"}],"wp:attachment":[{"href":"https:\/\/cityxerpa.com\/es\/wp-json\/wp\/v2\/media?parent=4230"}],"curies":[{"name":"wp","href":"https:\/\/api.w.org\/{rel}","templated":true}]}}